{"id":4432,"date":"2014-09-04T15:30:54","date_gmt":"2014-09-04T15:30:54","guid":{"rendered":"http:\/\/www.prosomni.com\/?page_id=4432"},"modified":"2014-09-16T12:42:48","modified_gmt":"2014-09-16T12:42:48","slug":"solicitar-presupuesto","status":"publish","type":"page","link":"https:\/\/www.prosomni.com\/?page_id=4432","title":{"rendered":"Solicitar presupuesto"},"content":{"rendered":"<h4 class=\"lq_h4b\">Solicite su presupuesto<\/h4>\r\n<p>Si desea que les asesoremos y presupuestemos los trabajos de reformas en su inmueble o cualquier otro servicio, rellene el formulario y nuestros profesionales se pondr\u00e1n en contacto con usted para hecerle una valoraci\u00f3n sin ning\u00fan tipo de compromiso.<\/p>\r\n<p>Si lo desea tambi\u00e9n puede adjuntar alguna fotograf\u00eda, plano o documento para mas informaci\u00f3n<\/p>\r\n<div class=\"spacer\" style=\"height:5px\"><\/div>\r\n<div class=\"divider\" style=\"border-color:#c9c9c9;\"><\/div>\r\n<div class=\"spacer\" style=\"height:5px\"><\/div>\r\n\n<div class=\"wpcf7 no-js\" id=\"wpcf7-f4431-o1\" lang=\"es-ES\" dir=\"ltr\" data-wpcf7-id=\"4431\">\n<div class=\"screen-reader-response\"><p role=\"status\" aria-live=\"polite\" aria-atomic=\"true\"><\/p> <ul><\/ul><\/div>\n<form action=\"\/index.php?rest_route=%2Fwp%2Fv2%2Fpages%2F4432#wpcf7-f4431-o1\" method=\"post\" class=\"wpcf7-form init\" aria-label=\"Formulario de contacto\" enctype=\"multipart\/form-data\" novalidate=\"novalidate\" data-status=\"init\">\n<fieldset class=\"hidden-fields-container\"><input type=\"hidden\" name=\"_wpcf7\" value=\"4431\" \/><input type=\"hidden\" name=\"_wpcf7_version\" value=\"6.1.4\" \/><input type=\"hidden\" name=\"_wpcf7_locale\" value=\"es_ES\" \/><input type=\"hidden\" name=\"_wpcf7_unit_tag\" value=\"wpcf7-f4431-o1\" \/><input type=\"hidden\" name=\"_wpcf7_container_post\" value=\"0\" \/><input type=\"hidden\" name=\"_wpcf7_posted_data_hash\" value=\"\" \/>\n<\/fieldset>\n<p>Su nombre (requerido)\n<\/p>\n<p><span class=\"wpcf7-form-control-wrap\" data-name=\"your-name\"><input size=\"40\" maxlength=\"400\" class=\"wpcf7-form-control wpcf7-text wpcf7-validates-as-required\" aria-required=\"true\" aria-invalid=\"false\" value=\"\" type=\"text\" name=\"your-name\" \/><\/span>\n<\/p>\n<p>Su e-mail (requerido)\n<\/p>\n<p><span class=\"wpcf7-form-control-wrap\" data-name=\"your-email\"><input size=\"40\" maxlength=\"400\" class=\"wpcf7-form-control wpcf7-email wpcf7-validates-as-required wpcf7-text wpcf7-validates-as-email\" aria-required=\"true\" aria-invalid=\"false\" value=\"\" type=\"email\" name=\"your-email\" \/><\/span>\n<\/p>\n<p>Direcci\u00f3n de la obra\n<\/p>\n<p><span class=\"wpcf7-form-control-wrap\" data-name=\"text-416\"><input size=\"40\" maxlength=\"400\" class=\"wpcf7-form-control wpcf7-text\" aria-invalid=\"false\" value=\"\" type=\"text\" name=\"text-416\" \/><\/span>\n<\/p>\n<p>Ciudad \/ Provincia\n<\/p>\n<p><span class=\"wpcf7-form-control-wrap\" data-name=\"text-832\"><input size=\"40\" maxlength=\"400\" class=\"wpcf7-form-control wpcf7-text\" aria-invalid=\"false\" value=\"\" type=\"text\" name=\"text-832\" \/><\/span>\n<\/p>\n<p>Tel\u00e9fono de contacto\n<\/p>\n<p><span class=\"wpcf7-form-control-wrap\" data-name=\"tel-250\"><input size=\"40\" maxlength=\"400\" class=\"wpcf7-form-control wpcf7-tel wpcf7-text wpcf7-validates-as-tel\" aria-invalid=\"false\" value=\"\" type=\"tel\" name=\"tel-250\" \/><\/span>\n<\/p>\n<p>Asunto\n<\/p>\n<p><span class=\"wpcf7-form-control-wrap\" data-name=\"menu-511\"><select class=\"wpcf7-form-control wpcf7-select\" aria-invalid=\"false\" name=\"menu-511\"><option value=\"Reformas\">Reformas<\/option><option value=\"Obra nueva\">Obra nueva<\/option><option value=\"Mantenimiento\">Mantenimiento<\/option><option value=\"Rehabilitaciones\">Rehabilitaciones<\/option><option value=\"Instalaciones\">Instalaciones<\/option><option value=\"Otros\">Otros<\/option><\/select><\/span>\n<\/p>\n<p>Su mensaje\n<\/p>\n<p><span class=\"wpcf7-form-control-wrap\" data-name=\"your-message\"><textarea cols=\"40\" rows=\"10\" maxlength=\"2000\" class=\"wpcf7-form-control wpcf7-textarea\" aria-invalid=\"false\" name=\"your-message\"><\/textarea><\/span>\n<\/p>\n<p><span class=\"wpcf7-form-control-wrap\" data-name=\"file-143\"><input size=\"40\" class=\"wpcf7-form-control wpcf7-file\" accept=\"audio\/*,video\/*,image\/*\" aria-invalid=\"false\" type=\"file\" name=\"file-143\" \/><\/span>\n<\/p>\n<p><input class=\"wpcf7-form-control wpcf7-submit has-spinner\" type=\"submit\" value=\"Enviar\" \/>\n<\/p><div class=\"wpcf7-response-output\" aria-hidden=\"true\"><\/div>\n<\/form>\n<\/div>\n\r\nNota:\r\nLey Org\u00e1nica 15\/1999, de 13 de diciembre, de Protecci\u00f3n de Datos de Car\u00e1cter Personal.\r\nLos datos introducidos son \u00fanicamente para facilitar la comunicaci\u00f3n con la persona de contacto, estos datos no ser\u00e1n introducidos en ninguna base de datos ni ser\u00e1n tratado de forma autom\u00e1tizada\r\n\r\nLos campos marcados con asterisco son obligatorios\u00bb","protected":false},"excerpt":{"rendered":"<p>Solicite su presupuesto Si desea que les asesoremos y presupuestemos los trabajos de reformas en su inmueble o cualquier otro servicio, rellene el formulario y nuestros profesionales se pondr\u00e1n en contacto con usted para hecerle una valoraci\u00f3n sin ning\u00fan tipo de compromiso. Si lo desea tambi\u00e9n puede adjuntar alguna fotograf\u00eda, plano o documento para mas [&hellip;]<\/p>\n","protected":false},"author":1,"featured_media":0,"parent":0,"menu_order":0,"comment_status":"open","ping_status":"open","template":"page-left-sidebar.php","meta":{"footnotes":""},"class_list":["post-4432","page","type-page","status-publish","hentry"],"_links":{"self":[{"href":"https:\/\/www.prosomni.com\/index.php?rest_route=\/wp\/v2\/pages\/4432","targetHints":{"allow":["GET"]}}],"collection":[{"href":"https:\/\/www.prosomni.com\/index.php?rest_route=\/wp\/v2\/pages"}],"about":[{"href":"https:\/\/www.prosomni.com\/index.php?rest_route=\/wp\/v2\/types\/page"}],"author":[{"embeddable":true,"href":"https:\/\/www.prosomni.com\/index.php?rest_route=\/wp\/v2\/users\/1"}],"replies":[{"embeddable":true,"href":"https:\/\/www.prosomni.com\/index.php?rest_route=%2Fwp%2Fv2%2Fcomments&post=4432"}],"version-history":[{"count":2,"href":"https:\/\/www.prosomni.com\/index.php?rest_route=\/wp\/v2\/pages\/4432\/revisions"}],"predecessor-version":[{"id":4436,"href":"https:\/\/www.prosomni.com\/index.php?rest_route=\/wp\/v2\/pages\/4432\/revisions\/4436"}],"wp:attachment":[{"href":"https:\/\/www.prosomni.com\/index.php?rest_route=%2Fwp%2Fv2%2Fmedia&parent=4432"}],"curies":[{"name":"wp","href":"https:\/\/api.w.org\/{rel}","templated":true}]}}