{"id":4417,"date":"2014-09-04T15:02:26","date_gmt":"2014-09-04T15:02:26","guid":{"rendered":"http:\/\/www.prosomni.com\/?page_id=4417"},"modified":"2015-03-04T16:14:36","modified_gmt":"2015-03-04T16:14:36","slug":"mantenimiento","status":"publish","type":"page","link":"https:\/\/www.prosomni.com\/?page_id=4417","title":{"rendered":"Mantenimiento"},"content":{"rendered":"<h4 class=\"lq_h4b\">Mantenimiento<\/h4>\r\n<p>Prosomni realiza trabajos de mantenimiento tanto de su propiedad privada como de comunidades y parkings, realizamos cambios de bajantes, mantenimiento de tejados impermeabilizaciones,etc.<\/p>\r\n<div class=\"spacer\" style=\"height:5px\"><\/div>\r\n<div class=\"divider\" style=\"border-color:#c9c9c9;\"><\/div>\r\n<div class=\"spacer\" style=\"height:5px\"><\/div>\r\n<h4 class=\"lq_h4b\">Trabajos realizados de impermeabilizaci\u00f3n<\/h4>\r\n<p>Impermeabilizaci\u00f3n de muro de garaje situado en mollet realizado por nuestros t\u00e9cnicos altamente cualificados.<\/p>\r\n\n\t\t\t<!-- START impermea REVOLUTION SLIDER 6.7.40 --><p class=\"rs-p-wp-fix\"><\/p>\n\t\t\t<rs-module-wrap id=\"rev_slider_39_1_wrapper\" data-source=\"gallery\" style=\"visibility:hidden;background:#E9E9E9;padding:0;margin:0px auto;margin-top:0;margin-bottom:0;\">\n\t\t\t\t<rs-module id=\"rev_slider_39_1\" style=\"\" data-version=\"6.7.40\">\n\t\t\t\t\t<rs-slides style=\"overflow: hidden; position: absolute;\">\n\t\t\t\t\t\t<rs-slide style=\"position: absolute;\" data-key=\"rs-88\" data-title=\"Slide\" data-linktoslide=\"next\" data-seoz=\"front\" data-anim=\"adpr:false;\">\n\t\t\t\t\t\t\t<img decoding=\"async\" src=\"\/\/www.prosomni.com\/wp-content\/plugins\/revslider\/sr6\/assets\/assets\/dummy.png\" alt=\"\" title=\"Mantenimiento\" class=\"rev-slidebg tp-rs-img rs-lazyload\" data-lazyload=\"\/\/www.prosomni.com\/wp-content\/uploads\/2015\/03\/impermea_1.jpg\" data-bg=\"p:center top;\" data-no-retina>\n<!---->\t\t\t\t\t<\/rs-slide>\n\t\t\t\t\t\t<rs-slide style=\"position: absolute;\" data-key=\"rs-89\" data-title=\"Slide\" data-linktoslide=\"next\" data-seoz=\"front\" data-anim=\"adpr:false;\">\n\t\t\t\t\t\t\t<img decoding=\"async\" src=\"\/\/www.prosomni.com\/wp-content\/plugins\/revslider\/sr6\/assets\/assets\/dummy.png\" alt=\"\" title=\"Mantenimiento\" class=\"rev-slidebg tp-rs-img rs-lazyload\" data-lazyload=\"\/\/www.prosomni.com\/wp-content\/uploads\/2015\/03\/impermea_2.jpg\" data-bg=\"p:center top;\" data-no-retina>\n<!---->\t\t\t\t\t<\/rs-slide>\n\t\t\t\t\t\t<rs-slide style=\"position: absolute;\" data-key=\"rs-87\" data-title=\"Slide\" data-linktoslide=\"next\" data-seoz=\"front\" data-anim=\"adpr:false;\">\n\t\t\t\t\t\t\t<img decoding=\"async\" src=\"\/\/www.prosomni.com\/wp-content\/plugins\/revslider\/sr6\/assets\/assets\/dummy.png\" alt=\"\" title=\"Mantenimiento\" class=\"rev-slidebg tp-rs-img rs-lazyload\" data-lazyload=\"\/\/www.prosomni.com\/wp-content\/uploads\/2015\/03\/impermea_3.jpg\" data-bg=\"p:center top;\" data-no-retina>\n<!---->\t\t\t\t\t<\/rs-slide>\n\t\t\t\t\t\t<rs-slide style=\"position: absolute;\" data-key=\"rs-91\" data-title=\"Slide\" data-linktoslide=\"next\" data-seoz=\"front\" data-anim=\"adpr:false;\">\n\t\t\t\t\t\t\t<img decoding=\"async\" src=\"\/\/www.prosomni.com\/wp-content\/plugins\/revslider\/sr6\/assets\/assets\/dummy.png\" alt=\"\" title=\"Mantenimiento\" class=\"rev-slidebg tp-rs-img rs-lazyload\" data-lazyload=\"\/\/www.prosomni.com\/wp-content\/uploads\/2015\/03\/impermea_4.jpg\" data-bg=\"p:center top;\" data-no-retina>\n<!---->\t\t\t\t\t<\/rs-slide>\n\t\t\t\t\t\t<rs-slide style=\"position: absolute;\" data-key=\"rs-90\" data-title=\"Slide\" data-linktoslide=\"next\" data-seoz=\"front\" data-anim=\"adpr:false;\">\n\t\t\t\t\t\t\t<img decoding=\"async\" src=\"\/\/www.prosomni.com\/wp-content\/plugins\/revslider\/sr6\/assets\/assets\/dummy.png\" alt=\"\" title=\"Mantenimiento\" class=\"rev-slidebg tp-rs-img rs-lazyload\" data-lazyload=\"\/\/www.prosomni.com\/wp-content\/uploads\/2015\/03\/impermea_5.jpg\" data-bg=\"p:center top;\" data-no-retina>\n<!---->\t\t\t\t\t<\/rs-slide>\n\t\t\t\t\t<\/rs-slides>\n\t\t\t\t<\/rs-module>\n\t\t\t\t<script>\n\t\t\t\t\tsetREVStartSize({c: 'rev_slider_39_1',rl:[1240,1024,778,480],el:[],gw:[640],gh:[380],type:'standard',justify:'',layout:'fullwidth',mh:\"0\"});if (window.RS_MODULES!==undefined && window.RS_MODULES.modules!==undefined && window.RS_MODULES.modules[\"revslider391\"]!==undefined) {window.RS_MODULES.modules[\"revslider391\"].once = false;window.revapi39 = undefined;if (window.RS_MODULES.checkMinimal!==undefined) window.RS_MODULES.checkMinimal()}\n\t\t\t\t<\/script>\n\t\t\t<\/rs-module-wrap>\n\t\t\t<!-- END REVOLUTION SLIDER -->\n\r\n<div class=\"spacer\" style=\"height:5px\"><\/div>\r\n<div class=\"divider\" style=\"border-color:#c9c9c9;\"><\/div>\r\n<div class=\"spacer\" style=\"height:5px\"><\/div>\r\n<h4 class=\"lq_h4b\">Mantenimiento tejados<\/h4>\r\n<p>Trabajo de mantenimiento realizado en finca privada, cambio de tejas y solucionar problemas de humedad<\/p>\r\n\n\t\t\t<!-- START tejado REVOLUTION SLIDER 6.7.40 --><p class=\"rs-p-wp-fix\"><\/p>\n\t\t\t<rs-module-wrap id=\"rev_slider_40_2_wrapper\" data-source=\"gallery\" style=\"visibility:hidden;background:#E9E9E9;padding:0;margin:0px auto;margin-top:0;margin-bottom:0;\">\n\t\t\t\t<rs-module id=\"rev_slider_40_2\" style=\"\" data-version=\"6.7.40\">\n\t\t\t\t\t<rs-slides style=\"overflow: hidden; position: absolute;\">\n\t\t\t\t\t\t<rs-slide style=\"position: absolute;\" data-key=\"rs-97\" data-title=\"Slide\" data-linktoslide=\"next\" data-seoz=\"front\" data-anim=\"adpr:false;\">\n\t\t\t\t\t\t\t<img decoding=\"async\" src=\"\/\/www.prosomni.com\/wp-content\/plugins\/revslider\/sr6\/assets\/assets\/dummy.png\" alt=\"\" title=\"Mantenimiento\" class=\"rev-slidebg tp-rs-img rs-lazyload\" data-lazyload=\"\/\/www.prosomni.com\/wp-content\/uploads\/2015\/03\/tejado_1.jpg\" data-bg=\"p:center top;\" data-no-retina>\n<!---->\t\t\t\t\t<\/rs-slide>\n\t\t\t\t\t\t<rs-slide style=\"position: absolute;\" data-key=\"rs-98\" data-title=\"Slide\" data-linktoslide=\"next\" data-seoz=\"front\" data-anim=\"adpr:false;\">\n\t\t\t\t\t\t\t<img decoding=\"async\" src=\"\/\/www.prosomni.com\/wp-content\/plugins\/revslider\/sr6\/assets\/assets\/dummy.png\" alt=\"\" title=\"Mantenimiento\" class=\"rev-slidebg tp-rs-img rs-lazyload\" data-lazyload=\"\/\/www.prosomni.com\/wp-content\/uploads\/2015\/03\/tejado_2.jpg\" data-bg=\"p:center top;\" data-no-retina>\n<!---->\t\t\t\t\t<\/rs-slide>\n\t\t\t\t\t\t<rs-slide style=\"position: absolute;\" data-key=\"rs-96\" data-title=\"Slide\" data-linktoslide=\"next\" data-seoz=\"front\" data-anim=\"adpr:false;\">\n\t\t\t\t\t\t\t<img decoding=\"async\" src=\"\/\/www.prosomni.com\/wp-content\/plugins\/revslider\/sr6\/assets\/assets\/dummy.png\" alt=\"\" title=\"Mantenimiento\" class=\"rev-slidebg tp-rs-img rs-lazyload\" data-lazyload=\"\/\/www.prosomni.com\/wp-content\/uploads\/2015\/03\/tejado_3.jpg\" data-bg=\"p:center top;\" data-no-retina>\n<!---->\t\t\t\t\t<\/rs-slide>\n\t\t\t\t\t\t<rs-slide style=\"position: absolute;\" data-key=\"rs-100\" data-title=\"Slide\" data-linktoslide=\"next\" data-seoz=\"front\" data-anim=\"adpr:false;\">\n\t\t\t\t\t\t\t<img decoding=\"async\" src=\"\/\/www.prosomni.com\/wp-content\/plugins\/revslider\/sr6\/assets\/assets\/dummy.png\" alt=\"\" title=\"Mantenimiento\" class=\"rev-slidebg tp-rs-img rs-lazyload\" data-lazyload=\"\/\/www.prosomni.com\/wp-content\/uploads\/2015\/03\/tejado_4.jpg\" data-bg=\"p:center top;\" data-no-retina>\n<!---->\t\t\t\t\t<\/rs-slide>\n\t\t\t\t\t\t<rs-slide style=\"position: absolute;\" data-key=\"rs-99\" data-title=\"Slide\" data-linktoslide=\"next\" data-seoz=\"front\" data-anim=\"adpr:false;\">\n\t\t\t\t\t\t\t<img decoding=\"async\" src=\"\/\/www.prosomni.com\/wp-content\/plugins\/revslider\/sr6\/assets\/assets\/dummy.png\" alt=\"\" title=\"Mantenimiento\" class=\"rev-slidebg tp-rs-img rs-lazyload\" data-lazyload=\"\/\/www.prosomni.com\/wp-content\/uploads\/2015\/03\/tejado_5.jpg\" data-bg=\"p:center top;\" data-no-retina>\n<!---->\t\t\t\t\t<\/rs-slide>\n\t\t\t\t\t<\/rs-slides>\n\t\t\t\t<\/rs-module>\n\t\t\t\t<script>\n\t\t\t\t\tsetREVStartSize({c: 'rev_slider_40_2',rl:[1240,1024,778,480],el:[],gw:[640],gh:[380],type:'standard',justify:'',layout:'fullwidth',mh:\"0\"});if (window.RS_MODULES!==undefined && window.RS_MODULES.modules!==undefined && window.RS_MODULES.modules[\"revslider402\"]!==undefined) {window.RS_MODULES.modules[\"revslider402\"].once = false;window.revapi40 = undefined;if (window.RS_MODULES.checkMinimal!==undefined) window.RS_MODULES.checkMinimal()}\n\t\t\t\t<\/script>\n\t\t\t<\/rs-module-wrap>\n\t\t\t<!-- END REVOLUTION SLIDER -->\n\r\n<div class=\"spacer\" style=\"height:5px\"><\/div>","protected":false},"excerpt":{"rendered":"<p>Mantenimiento Prosomni realiza trabajos de mantenimiento tanto de su propiedad privada como de comunidades y parkings, realizamos cambios de bajantes, mantenimiento de tejados impermeabilizaciones,etc. Trabajos realizados de impermeabilizaci\u00f3n Impermeabilizaci\u00f3n de muro de garaje situado en mollet realizado por nuestros t\u00e9cnicos altamente cualificados. Mantenimiento tejados Trabajo de mantenimiento realizado en finca privada, cambio de tejas y [&hellip;]<\/p>\n","protected":false},"author":1,"featured_media":0,"parent":0,"menu_order":0,"comment_status":"closed","ping_status":"closed","template":"page-left-sidebar.php","meta":{"footnotes":""},"class_list":["post-4417","page","type-page","status-publish","hentry"],"_links":{"self":[{"href":"https:\/\/www.prosomni.com\/index.php?rest_route=\/wp\/v2\/pages\/4417","targetHints":{"allow":["GET"]}}],"collection":[{"href":"https:\/\/www.prosomni.com\/index.php?rest_route=\/wp\/v2\/pages"}],"about":[{"href":"https:\/\/www.prosomni.com\/index.php?rest_route=\/wp\/v2\/types\/page"}],"author":[{"embeddable":true,"href":"https:\/\/www.prosomni.com\/index.php?rest_route=\/wp\/v2\/users\/1"}],"replies":[{"embeddable":true,"href":"https:\/\/www.prosomni.com\/index.php?rest_route=%2Fwp%2Fv2%2Fcomments&post=4417"}],"version-history":[{"count":4,"href":"https:\/\/www.prosomni.com\/index.php?rest_route=\/wp\/v2\/pages\/4417\/revisions"}],"predecessor-version":[{"id":4819,"href":"https:\/\/www.prosomni.com\/index.php?rest_route=\/wp\/v2\/pages\/4417\/revisions\/4819"}],"wp:attachment":[{"href":"https:\/\/www.prosomni.com\/index.php?rest_route=%2Fwp%2Fv2%2Fmedia&parent=4417"}],"curies":[{"name":"wp","href":"https:\/\/api.w.org\/{rel}","templated":true}]}}