{"id":4413,"date":"2014-09-04T14:32:08","date_gmt":"2014-09-04T14:32:08","guid":{"rendered":"http:\/\/www.prosomni.com\/?page_id=4413"},"modified":"2014-12-10T18:54:39","modified_gmt":"2014-12-10T18:54:39","slug":"rehabilitaciones","status":"publish","type":"page","link":"https:\/\/www.prosomni.com\/?page_id=4413","title":{"rendered":"Rehabilitaciones"},"content":{"rendered":"<h4 class=\"lq_h4b\">Rehabilitaciones<\/h4>\r\n<p>Prosomni tambi\u00e9n ofrece sus servicios de rehabilitaci\u00f3n de fachadas, cubiertas, patios interiores y sobretodo tratamiento de tipo estructural contra problemas de aluminosi, p\u00e9rdidas de secci\u00f3n, oxidaci\u00f3n del armado, etc.<\/p>\r\n<div class=\"spacer\" style=\"height:5px\"><\/div>\r\n<div class=\"divider\" style=\"border-color:#c9c9c9;\"><\/div>\r\n<div class=\"spacer\" style=\"height:5px\"><\/div>\r\n<h4 class=\"lq_h4b\">Aluminosis<\/h4>\r\n<p>La aluminosi es un problema grave de los edificios que tiene su origen en el uso de un hormig\u00f3n que incluye en su composici\u00f3n de un cemento defectuoso. Este cemento de secado r\u00e1pido y alta resistencia inicial, es f\u00e1cilmente alterable y puede presentar con el paso del tiempo un aumento de la porosidad que ocasiona una p\u00e9rdida de resistencia de los forjados y puede provocar en extremos el derrumbe de la estructura.<\/p>\r\n<p>Prosomni, proporociona toda la informaci\u00f3n sobre este problema, y realiza trabajos de refuesrzo de vigas<\/p>\r\n<img loading=\"lazy\" decoding=\"async\" src=\"http:\/\/www.prosomni.com\/image\/base\/detalle_aluminosi.png\" width=\"680\" height=\"240\" border=\"0px\">\r\n<div class=\"spacer\" style=\"height:5px\"><\/div>\r\n<div class=\"divider\" style=\"border-color:#c9c9c9;\"><\/div>\r\n<div class=\"spacer\" style=\"height:5px\"><\/div>\r\n<h4 class=\"lq_h4b\">Rehabilitaci\u00f3n de fachadas<\/h4>\r\n<p>Conservar y mantener el buen estado de la fachada de nuestra vivienda es una gran responsabilidad ya que puede perjudicar la estabilidad y est\u00e9tica de nuestro edificio.Las fachadas est\u00e1n sometidas a duras condiciones atmosf\u00e9ricas y medioambientales que provocan problemas que se deben eliminar o corregir mediante intervenciones y trabajos controladas por t\u00e9cnicos de una empresa especializada. Prosomni cuenta con el conocimiento y experiencia para hacer todo tipo de trabajos de rehabilitaci\u00f3n de fachadas.<\/p>\r\n<img loading=\"lazy\" decoding=\"async\" src=\"http:\/\/www.prosomni.com\/image\/base\/detalle_fachada.png\" width=\"680\" height=\"400\" border=\"0px\">\r\n<div class=\"spacer\" style=\"height:5px\"><\/div>\r\n<div class=\"divider\" style=\"border-color:#c9c9c9;\"><\/div>\r\n<div class=\"spacer\" style=\"height:5px\"><\/div>\r\n<h4 class=\"lq_h4b\">Otros tipos de rehabilitaciones<\/h4>\r\n<ul type=\"disc\">\r\n                                                        <p>Prosomni tambi\u00e9n le ofrece los siguientes servicios de rehabilitaci\u00f3n:<\/p><li>Patios interiores<\/li>\r\n                                                        <li>Elementos arquitect\u00f3nicos<\/li>\r\n                                                        <li>Limpieza de fachadas<\/li><li>Mejoras de acceso a edificios<\/li>\r\n                                                        \r\n                                                        \r\n                                          <\/ul>","protected":false},"excerpt":{"rendered":"<p>Rehabilitaciones Prosomni tambi\u00e9n ofrece sus servicios de rehabilitaci\u00f3n de fachadas, cubiertas, patios interiores y sobretodo tratamiento de tipo estructural contra problemas de aluminosi, p\u00e9rdidas de secci\u00f3n, oxidaci\u00f3n del armado, etc. Aluminosis La aluminosi es un problema grave de los edificios que tiene su origen en el uso de un hormig\u00f3n que incluye en su composici\u00f3n [&hellip;]<\/p>\n","protected":false},"author":1,"featured_media":0,"parent":0,"menu_order":0,"comment_status":"open","ping_status":"open","template":"page-left-sidebar.php","meta":{"footnotes":""},"class_list":["post-4413","page","type-page","status-publish","hentry"],"_links":{"self":[{"href":"https:\/\/www.prosomni.com\/index.php?rest_route=\/wp\/v2\/pages\/4413","targetHints":{"allow":["GET"]}}],"collection":[{"href":"https:\/\/www.prosomni.com\/index.php?rest_route=\/wp\/v2\/pages"}],"about":[{"href":"https:\/\/www.prosomni.com\/index.php?rest_route=\/wp\/v2\/types\/page"}],"author":[{"embeddable":true,"href":"https:\/\/www.prosomni.com\/index.php?rest_route=\/wp\/v2\/users\/1"}],"replies":[{"embeddable":true,"href":"https:\/\/www.prosomni.com\/index.php?rest_route=%2Fwp%2Fv2%2Fcomments&post=4413"}],"version-history":[{"count":1,"href":"https:\/\/www.prosomni.com\/index.php?rest_route=\/wp\/v2\/pages\/4413\/revisions"}],"predecessor-version":[{"id":4414,"href":"https:\/\/www.prosomni.com\/index.php?rest_route=\/wp\/v2\/pages\/4413\/revisions\/4414"}],"wp:attachment":[{"href":"https:\/\/www.prosomni.com\/index.php?rest_route=%2Fwp%2Fv2%2Fmedia&parent=4413"}],"curies":[{"name":"wp","href":"https:\/\/api.w.org\/{rel}","templated":true}]}}