{"id":4392,"date":"2014-09-04T13:39:42","date_gmt":"2014-09-04T13:39:42","guid":{"rendered":"http:\/\/www.prosomni.com\/?page_id=4392"},"modified":"2015-03-04T16:10:53","modified_gmt":"2015-03-04T16:10:53","slug":"anfiteatro-obra-nueva","status":"publish","type":"page","link":"https:\/\/www.prosomni.com\/?page_id=4392","title":{"rendered":"Anfiteatro, obra nueva"},"content":{"rendered":"<h4 class=\"lq_h4b\">Construcci\u00f3n anfiteatro<\/h4>\r\n<p>Gradas anfiteatro construida en colegio privado de barcelona, adem\u00e1s tambi\u00e9n se realiz\u00f3 la adecuaci\u00f3n de los alredeores con traviesas de madera<\/p>\r\n<div class=\"spacer\" style=\"height:5px\"><\/div>\r\n<div class=\"divider\" style=\"border-color:#c9c9c9;\"><\/div>\r\n<div class=\"spacer\" style=\"height:5px\"><\/div>\r\n<h4 class=\"lq_h4b\">Im\u00e1genes<\/h4>\r\n\n\t\t<style type=\"text\/css\">\n\t\t\t#gallery-1 {\n\t\t\t\tmargin: auto;\n\t\t\t}\n\t\t\t#gallery-1 .gallery-item {\n\t\t\t\tfloat: left;\n\t\t\t\tmargin-top: 10px;\n\t\t\t\ttext-align: center;\n\t\t\t\twidth: 25%;\n\t\t\t}\n\t\t\t#gallery-1 img {\n\t\t\t\tborder: 2px solid #cfcfcf;\n\t\t\t}\n\t\t\t#gallery-1 .gallery-caption {\n\t\t\t\tmargin-left: 0;\n\t\t\t}\n\t\t\t\/* see gallery_shortcode() in wp-includes\/media.php *\/\n\t\t<\/style>\n\t\t<div id='gallery-1' class='gallery galleryid-4392 gallery-columns-4 gallery-size-thumbnail'><dl class='gallery-item'>\n\t\t\t<dt class='gallery-icon landscape'>\n\t\t\t\t<a href='https:\/\/www.prosomni.com\/wp-content\/uploads\/2014\/09\/anfi4.jpg'><img loading=\"lazy\" decoding=\"async\" width=\"150\" height=\"150\" src=\"https:\/\/www.prosomni.com\/wp-content\/uploads\/2014\/09\/anfi4-150x150.jpg\" class=\"attachment-thumbnail size-thumbnail\" alt=\"\" aria-describedby=\"gallery-1-4558\" \/><\/a>\n\t\t\t<\/dt>\n\t\t\t\t<dd class='wp-caption-text gallery-caption' id='gallery-1-4558'>\n\t\t\t\tDetalle obra construcci\u00f3n anfiteatro\n\t\t\t\t<\/dd><\/dl><dl class='gallery-item'>\n\t\t\t<dt class='gallery-icon landscape'>\n\t\t\t\t<a href='https:\/\/www.prosomni.com\/wp-content\/uploads\/2014\/09\/anfi1.jpg'><img loading=\"lazy\" decoding=\"async\" width=\"150\" height=\"150\" src=\"https:\/\/www.prosomni.com\/wp-content\/uploads\/2014\/09\/anfi1-150x150.jpg\" class=\"attachment-thumbnail size-thumbnail\" alt=\"\" aria-describedby=\"gallery-1-4555\" \/><\/a>\n\t\t\t<\/dt>\n\t\t\t\t<dd class='wp-caption-text gallery-caption' id='gallery-1-4555'>\n\t\t\t\tDetalle obra construcci\u00f3n anfiteatro\n\t\t\t\t<\/dd><\/dl><dl class='gallery-item'>\n\t\t\t<dt class='gallery-icon landscape'>\n\t\t\t\t<a href='https:\/\/www.prosomni.com\/wp-content\/uploads\/2014\/09\/anfi2.jpg'><img loading=\"lazy\" decoding=\"async\" width=\"150\" height=\"150\" src=\"https:\/\/www.prosomni.com\/wp-content\/uploads\/2014\/09\/anfi2-150x150.jpg\" class=\"attachment-thumbnail size-thumbnail\" alt=\"\" aria-describedby=\"gallery-1-4556\" \/><\/a>\n\t\t\t<\/dt>\n\t\t\t\t<dd class='wp-caption-text gallery-caption' id='gallery-1-4556'>\n\t\t\t\tDetalle obra construcci\u00f3n anfiteatro\n\t\t\t\t<\/dd><\/dl><dl class='gallery-item'>\n\t\t\t<dt class='gallery-icon landscape'>\n\t\t\t\t<a href='https:\/\/www.prosomni.com\/wp-content\/uploads\/2014\/09\/anfi3.jpg'><img loading=\"lazy\" decoding=\"async\" width=\"150\" height=\"150\" src=\"https:\/\/www.prosomni.com\/wp-content\/uploads\/2014\/09\/anfi3-150x150.jpg\" class=\"attachment-thumbnail size-thumbnail\" alt=\"\" aria-describedby=\"gallery-1-4557\" \/><\/a>\n\t\t\t<\/dt>\n\t\t\t\t<dd class='wp-caption-text gallery-caption' id='gallery-1-4557'>\n\t\t\t\tDetalle obra construcci\u00f3n anfiteatro\n\t\t\t\t<\/dd><\/dl><br style=\"clear: both\" \/>\n\t\t<\/div>\n\r\n<div class=\"spacer\" style=\"height:5px\"><\/div>\r\n<div class=\"divider\" style=\"border-color:#c9c9c9;\"><\/div>\r\n<div class=\"spacer\" style=\"height:5px\"><\/div>\r\n<h4 class=\"lq_h4b\">Evoluci\u00f3n de la obra<\/h4>\r\n\n\t\t\t<!-- START anfiteatro REVOLUTION SLIDER 6.7.40 --><p class=\"rs-p-wp-fix\"><\/p>\n\t\t\t<rs-module-wrap id=\"rev_slider_35_1_wrapper\" data-source=\"gallery\" data-aimg=\"\"  style=\"visibility:hidden;background:#E9E9E9;padding:0;margin:0px auto;margin-top:0;margin-bottom:0;\">\n\t\t\t\t<rs-module id=\"rev_slider_35_1\" style=\"\" data-version=\"6.7.40\">\n\t\t\t\t\t<rs-slides style=\"overflow: hidden; position: absolute;\">\n\t\t\t\t\t\t<rs-slide style=\"position: absolute;\" data-key=\"rs-53\" data-title=\"Slide\" data-linktoslide=\"next\" data-seoz=\"front\" data-anim=\"adpr:false;\">\n\t\t\t\t\t\t\t<img decoding=\"async\" src=\"\/\/www.prosomni.com\/wp-content\/plugins\/revslider\/sr6\/assets\/assets\/dummy.png\" alt=\"\" title=\"Anfiteatro, obra nueva\" class=\"rev-slidebg tp-rs-img rs-lazyload\" data-lazyload=\"\/\/www.prosomni.com\/wp-content\/uploads\/2015\/03\/anfiteatro_11.jpg\" data-bg=\"p:center top;\" data-no-retina>\n<!---->\t\t\t\t\t<\/rs-slide>\n\t\t\t\t\t\t<rs-slide style=\"position: absolute;\" data-key=\"rs-54\" data-title=\"Slide\" data-linktoslide=\"next\" data-seoz=\"front\" data-anim=\"adpr:false;\">\n\t\t\t\t\t\t\t<img decoding=\"async\" src=\"\/\/www.prosomni.com\/wp-content\/plugins\/revslider\/sr6\/assets\/assets\/dummy.png\" alt=\"\" title=\"Anfiteatro, obra nueva\" class=\"rev-slidebg tp-rs-img rs-lazyload\" data-lazyload=\"\/\/www.prosomni.com\/wp-content\/uploads\/2015\/03\/anfiteatro_2.jpg\" data-bg=\"p:center top;\" data-no-retina>\n<!---->\t\t\t\t\t<\/rs-slide>\n\t\t\t\t\t\t<rs-slide style=\"position: absolute;\" data-key=\"rs-55\" data-title=\"Slide\" data-linktoslide=\"next\" data-seoz=\"front\" data-anim=\"adpr:false;\">\n\t\t\t\t\t\t\t<img decoding=\"async\" src=\"\/\/www.prosomni.com\/wp-content\/plugins\/revslider\/sr6\/assets\/assets\/dummy.png\" alt=\"\" title=\"Anfiteatro, obra nueva\" class=\"rev-slidebg tp-rs-img rs-lazyload\" data-lazyload=\"\/\/www.prosomni.com\/wp-content\/uploads\/2015\/03\/anfiteatro_3.jpg\" data-bg=\"p:center top;\" data-no-retina>\n<!---->\t\t\t\t\t<\/rs-slide>\n\t\t\t\t\t\t<rs-slide style=\"position: absolute;\" data-key=\"rs-57\" data-title=\"Slide\" data-linktoslide=\"next\" data-seoz=\"front\" data-anim=\"adpr:false;\">\n\t\t\t\t\t\t\t<img decoding=\"async\" src=\"\/\/www.prosomni.com\/wp-content\/plugins\/revslider\/sr6\/assets\/assets\/dummy.png\" alt=\"\" title=\"Anfiteatro, obra nueva\" class=\"rev-slidebg tp-rs-img rs-lazyload\" data-lazyload=\"\/\/www.prosomni.com\/wp-content\/uploads\/2015\/03\/anfiteatro_5.jpg\" data-bg=\"p:center top;\" data-no-retina>\n<!---->\t\t\t\t\t<\/rs-slide>\n\t\t\t\t\t\t<rs-slide style=\"position: absolute;\" data-key=\"rs-56\" data-title=\"Slide\" data-linktoslide=\"next\" data-seoz=\"front\" data-anim=\"adpr:false;\">\n\t\t\t\t\t\t\t<img decoding=\"async\" src=\"\/\/www.prosomni.com\/wp-content\/plugins\/revslider\/sr6\/assets\/assets\/dummy.png\" alt=\"\" title=\"Anfiteatro, obra nueva\" class=\"rev-slidebg tp-rs-img rs-lazyload\" data-lazyload=\"\/\/www.prosomni.com\/wp-content\/uploads\/2015\/03\/anfiteatro_4.jpg\" data-bg=\"p:center top;\" data-no-retina>\n<!---->\t\t\t\t\t<\/rs-slide>\n\t\t\t\t\t\t<rs-slide style=\"position: absolute;\" data-key=\"rs-58\" data-title=\"Slide\" data-linktoslide=\"next\" data-seoz=\"front\" data-anim=\"adpr:false;\">\n\t\t\t\t\t\t\t<img decoding=\"async\" src=\"\/\/www.prosomni.com\/wp-content\/plugins\/revslider\/sr6\/assets\/assets\/dummy.png\" alt=\"\" title=\"Anfiteatro, obra nueva\" class=\"rev-slidebg tp-rs-img rs-lazyload\" data-lazyload=\"\/\/www.prosomni.com\/wp-content\/uploads\/2015\/03\/anfiteatro_6.jpg\" data-bg=\"p:center top;\" data-no-retina>\n<!---->\t\t\t\t\t<\/rs-slide>\n\t\t\t\t\t\t<rs-slide style=\"position: absolute;\" data-key=\"rs-59\" data-title=\"Slide\" data-linktoslide=\"next\" data-seoz=\"front\" data-anim=\"adpr:false;\">\n\t\t\t\t\t\t\t<img decoding=\"async\" src=\"\/\/www.prosomni.com\/wp-content\/plugins\/revslider\/sr6\/assets\/assets\/dummy.png\" alt=\"\" title=\"Anfiteatro, obra nueva\" class=\"rev-slidebg tp-rs-img rs-lazyload\" data-lazyload=\"\/\/www.prosomni.com\/wp-content\/uploads\/2015\/03\/anfiteatro_7.jpg\" data-bg=\"p:center top;\" data-no-retina>\n<!---->\t\t\t\t\t<\/rs-slide>\n\t\t\t\t\t\t<rs-slide style=\"position: absolute;\" data-key=\"rs-60\" data-title=\"Slide\" data-linktoslide=\"next\" data-seoz=\"front\" data-anim=\"adpr:false;\">\n\t\t\t\t\t\t\t<img decoding=\"async\" src=\"\/\/www.prosomni.com\/wp-content\/plugins\/revslider\/sr6\/assets\/assets\/dummy.png\" alt=\"\" title=\"Anfiteatro, obra nueva\" class=\"rev-slidebg tp-rs-img rs-lazyload\" data-lazyload=\"\/\/www.prosomni.com\/wp-content\/uploads\/2015\/03\/anfiteatro_8.jpg\" data-bg=\"p:center top;\" data-no-retina>\n<!---->\t\t\t\t\t<\/rs-slide>\n\t\t\t\t\t<\/rs-slides>\n\t\t\t\t<\/rs-module>\n\t\t\t\t<script>\n\t\t\t\t\tsetREVStartSize({c: 'rev_slider_35_1',rl:[1240,1024,778,480],el:[],gw:[640],gh:[380],type:'standard',justify:'',layout:'fullwidth',mh:\"0\"});if (window.RS_MODULES!==undefined && window.RS_MODULES.modules!==undefined && window.RS_MODULES.modules[\"revslider351\"]!==undefined) {window.RS_MODULES.modules[\"revslider351\"].once = false;window.revapi35 = undefined;if (window.RS_MODULES.checkMinimal!==undefined) window.RS_MODULES.checkMinimal()}\n\t\t\t\t<\/script>\n\t\t\t<\/rs-module-wrap>\n\t\t\t<!-- END REVOLUTION SLIDER -->\n","protected":false},"excerpt":{"rendered":"<p>Construcci\u00f3n anfiteatro Gradas anfiteatro construida en colegio privado de barcelona, adem\u00e1s tambi\u00e9n se realiz\u00f3 la adecuaci\u00f3n de los alredeores con traviesas de madera Im\u00e1genes Evoluci\u00f3n de la obra<\/p>\n","protected":false},"author":1,"featured_media":0,"parent":0,"menu_order":0,"comment_status":"closed","ping_status":"closed","template":"page-left-sidebar.php","meta":{"footnotes":""},"class_list":["post-4392","page","type-page","status-publish","hentry"],"_links":{"self":[{"href":"https:\/\/www.prosomni.com\/index.php?rest_route=\/wp\/v2\/pages\/4392","targetHints":{"allow":["GET"]}}],"collection":[{"href":"https:\/\/www.prosomni.com\/index.php?rest_route=\/wp\/v2\/pages"}],"about":[{"href":"https:\/\/www.prosomni.com\/index.php?rest_route=\/wp\/v2\/types\/page"}],"author":[{"embeddable":true,"href":"https:\/\/www.prosomni.com\/index.php?rest_route=\/wp\/v2\/users\/1"}],"replies":[{"embeddable":true,"href":"https:\/\/www.prosomni.com\/index.php?rest_route=%2Fwp%2Fv2%2Fcomments&post=4392"}],"version-history":[{"count":5,"href":"https:\/\/www.prosomni.com\/index.php?rest_route=\/wp\/v2\/pages\/4392\/revisions"}],"predecessor-version":[{"id":4820,"href":"https:\/\/www.prosomni.com\/index.php?rest_route=\/wp\/v2\/pages\/4392\/revisions\/4820"}],"wp:attachment":[{"href":"https:\/\/www.prosomni.com\/index.php?rest_route=%2Fwp%2Fv2%2Fmedia&parent=4392"}],"curies":[{"name":"wp","href":"https:\/\/api.w.org\/{rel}","templated":true}]}}