{"id":4372,"date":"2014-09-04T11:07:24","date_gmt":"2014-09-04T11:07:24","guid":{"rendered":"http:\/\/www.prosomni.com\/?page_id=4372"},"modified":"2014-12-09T19:59:01","modified_gmt":"2014-12-09T19:59:01","slug":"lloret-de-mar-casa-unifamiliar","status":"publish","type":"page","link":"https:\/\/www.prosomni.com\/?page_id=4372","title":{"rendered":"Lloret de Mar, casa unifamiliar"},"content":{"rendered":"<h4 class=\"lq_h4b\">Lloret de Mar &#8211; Casa unifamilia<\/h4>\r\n<p>Prosomni le ofrece dos magn\u00edficas casas situadas en el l\u00edmite entre Lloret de Mar y el t\u00e9rmino municipal de Vidrieres. Ubicada en una de las mejores zonas residenciales, est\u00e1 distribuida en dos plantas m\u00e1s garaje.<\/p>\r\n<div class=\"spacer\" style=\"height:5px\"><\/div>\r\n<div class=\"divider\" style=\"border-color:#c9c9c9;\"><\/div>\r\n<div class=\"spacer\" style=\"height:5px\"><\/div>\r\n<div class=\"column column-1-2\">\r\n<h4 class=\"lq_h4b\">Distribuci\u00f3n<\/h4>\r\n<ul>\r\n<li>Amplio sal\u00f3n comedor<\/li>\r\n<li>Cocina Office totalmente amueblada<\/li>\r\n<liBa\u00f1o completo y aseo><\/li>\r\n<li>garaje para dos coches<\/li>\r\n<li>Amplio Garaje y trastero<\/li>\r\n<li>Zona ajardinada<\/li>\r\n<\/ul>\r\n<\/div>\r\n<div class=\"column column-1-2 column-last\">\r\n<h4 class=\"lq_h4b\">Ubicaci\u00f3n<\/h4>\r\n\r\n<\/div><div class=\"clear\"><\/div>\r\n\r\n<div class=\"spacer\" style=\"height:5px\"><\/div>\r\n<div class=\"divider\" style=\"border-color:#c9c9c9;\"><\/div>\r\n<div class=\"spacer\" style=\"height:5px\"><\/div>\r\n<h4 class=\"lq_h4b\">Im\u00e1genes<\/h4>\r\n\n\t\t<style type=\"text\/css\">\n\t\t\t#gallery-1 {\n\t\t\t\tmargin: auto;\n\t\t\t}\n\t\t\t#gallery-1 .gallery-item {\n\t\t\t\tfloat: left;\n\t\t\t\tmargin-top: 10px;\n\t\t\t\ttext-align: center;\n\t\t\t\twidth: 25%;\n\t\t\t}\n\t\t\t#gallery-1 img {\n\t\t\t\tborder: 2px solid #cfcfcf;\n\t\t\t}\n\t\t\t#gallery-1 .gallery-caption {\n\t\t\t\tmargin-left: 0;\n\t\t\t}\n\t\t\t\/* see gallery_shortcode() in wp-includes\/media.php *\/\n\t\t<\/style>\n\t\t<div id='gallery-1' class='gallery galleryid-4372 gallery-columns-4 gallery-size-thumbnail'><dl class='gallery-item'>\n\t\t\t<dt class='gallery-icon landscape'>\n\t\t\t\t<a href='https:\/\/www.prosomni.com\/wp-content\/uploads\/2014\/09\/lloret_1.jpg'><img loading=\"lazy\" decoding=\"async\" width=\"150\" height=\"150\" src=\"https:\/\/www.prosomni.com\/wp-content\/uploads\/2014\/09\/lloret_1-150x150.jpg\" class=\"attachment-thumbnail size-thumbnail\" alt=\"\" \/><\/a>\n\t\t\t<\/dt><\/dl><dl class='gallery-item'>\n\t\t\t<dt class='gallery-icon landscape'>\n\t\t\t\t<a href='https:\/\/www.prosomni.com\/wp-content\/uploads\/2014\/09\/imgll2.jpg'><img loading=\"lazy\" decoding=\"async\" width=\"150\" height=\"150\" src=\"https:\/\/www.prosomni.com\/wp-content\/uploads\/2014\/09\/imgll2-150x150.jpg\" class=\"attachment-thumbnail size-thumbnail\" alt=\"\" aria-describedby=\"gallery-1-4540\" \/><\/a>\n\t\t\t<\/dt>\n\t\t\t\t<dd class='wp-caption-text gallery-caption' id='gallery-1-4540'>\n\t\t\t\tFachada lateral\n\t\t\t\t<\/dd><\/dl><dl class='gallery-item'>\n\t\t\t<dt class='gallery-icon landscape'>\n\t\t\t\t<a href='https:\/\/www.prosomni.com\/wp-content\/uploads\/2014\/09\/imgll7.jpg'><img loading=\"lazy\" decoding=\"async\" width=\"150\" height=\"150\" src=\"https:\/\/www.prosomni.com\/wp-content\/uploads\/2014\/09\/imgll7-150x150.jpg\" class=\"attachment-thumbnail size-thumbnail\" alt=\"\" aria-describedby=\"gallery-1-4545\" \/><\/a>\n\t\t\t<\/dt>\n\t\t\t\t<dd class='wp-caption-text gallery-caption' id='gallery-1-4545'>\n\t\t\t\tZona jard\u00edn\n\t\t\t\t<\/dd><\/dl><dl class='gallery-item'>\n\t\t\t<dt class='gallery-icon landscape'>\n\t\t\t\t<a href='https:\/\/www.prosomni.com\/wp-content\/uploads\/2014\/09\/lloret_2.jpg'><img loading=\"lazy\" decoding=\"async\" width=\"150\" height=\"150\" src=\"https:\/\/www.prosomni.com\/wp-content\/uploads\/2014\/09\/lloret_2-150x150.jpg\" class=\"attachment-thumbnail size-thumbnail\" alt=\"\" \/><\/a>\n\t\t\t<\/dt><\/dl><br style=\"clear: both\" \/><dl class='gallery-item'>\n\t\t\t<dt class='gallery-icon landscape'>\n\t\t\t\t<a href='https:\/\/www.prosomni.com\/wp-content\/uploads\/2014\/09\/imgll.jpg'><img loading=\"lazy\" decoding=\"async\" width=\"150\" height=\"150\" src=\"https:\/\/www.prosomni.com\/wp-content\/uploads\/2014\/09\/imgll-150x150.jpg\" class=\"attachment-thumbnail size-thumbnail\" alt=\"\" aria-describedby=\"gallery-1-4539\" \/><\/a>\n\t\t\t<\/dt>\n\t\t\t\t<dd class='wp-caption-text gallery-caption' id='gallery-1-4539'>\n\t\t\t\tEntrada\n\t\t\t\t<\/dd><\/dl><dl class='gallery-item'>\n\t\t\t<dt class='gallery-icon landscape'>\n\t\t\t\t<a href='https:\/\/www.prosomni.com\/wp-content\/uploads\/2014\/09\/imgl9.jpg'><img loading=\"lazy\" decoding=\"async\" width=\"150\" height=\"150\" src=\"https:\/\/www.prosomni.com\/wp-content\/uploads\/2014\/09\/imgl9-150x150.jpg\" class=\"attachment-thumbnail size-thumbnail\" alt=\"\" \/><\/a>\n\t\t\t<\/dt><\/dl><dl class='gallery-item'>\n\t\t\t<dt class='gallery-icon landscape'>\n\t\t\t\t<a href='https:\/\/www.prosomni.com\/wp-content\/uploads\/2014\/09\/imgll8.jpg'><img loading=\"lazy\" decoding=\"async\" width=\"150\" height=\"150\" src=\"https:\/\/www.prosomni.com\/wp-content\/uploads\/2014\/09\/imgll8-150x150.jpg\" class=\"attachment-thumbnail size-thumbnail\" alt=\"\" aria-describedby=\"gallery-1-4546\" \/><\/a>\n\t\t\t<\/dt>\n\t\t\t\t<dd class='wp-caption-text gallery-caption' id='gallery-1-4546'>\n\t\t\t\tCocina office\n\t\t\t\t<\/dd><\/dl><dl class='gallery-item'>\n\t\t\t<dt class='gallery-icon landscape'>\n\t\t\t\t<a href='https:\/\/www.prosomni.com\/wp-content\/uploads\/2014\/09\/lloret_4.jpg'><img loading=\"lazy\" decoding=\"async\" width=\"150\" height=\"150\" src=\"https:\/\/www.prosomni.com\/wp-content\/uploads\/2014\/09\/lloret_4-150x150.jpg\" class=\"attachment-thumbnail size-thumbnail\" alt=\"\" \/><\/a>\n\t\t\t<\/dt><\/dl><br style=\"clear: both\" \/><dl class='gallery-item'>\n\t\t\t<dt class='gallery-icon landscape'>\n\t\t\t\t<a href='https:\/\/www.prosomni.com\/wp-content\/uploads\/2014\/09\/imgll5.jpg'><img loading=\"lazy\" decoding=\"async\" width=\"150\" height=\"150\" src=\"https:\/\/www.prosomni.com\/wp-content\/uploads\/2014\/09\/imgll5-150x150.jpg\" class=\"attachment-thumbnail size-thumbnail\" alt=\"\" aria-describedby=\"gallery-1-4543\" \/><\/a>\n\t\t\t<\/dt>\n\t\t\t\t<dd class='wp-caption-text gallery-caption' id='gallery-1-4543'>\n\t\t\t\tDetalle Sal\u00f3n comedor\n\t\t\t\t<\/dd><\/dl><dl class='gallery-item'>\n\t\t\t<dt class='gallery-icon landscape'>\n\t\t\t\t<a href='https:\/\/www.prosomni.com\/wp-content\/uploads\/2014\/09\/imgll3.jpg'><img loading=\"lazy\" decoding=\"async\" width=\"150\" height=\"150\" src=\"https:\/\/www.prosomni.com\/wp-content\/uploads\/2014\/09\/imgll3-150x150.jpg\" class=\"attachment-thumbnail size-thumbnail\" alt=\"\" aria-describedby=\"gallery-1-4541\" \/><\/a>\n\t\t\t<\/dt>\n\t\t\t\t<dd class='wp-caption-text gallery-caption' id='gallery-1-4541'>\n\t\t\t\tDetalle habitaci\u00f3n\n\t\t\t\t<\/dd><\/dl><dl class='gallery-item'>\n\t\t\t<dt class='gallery-icon landscape'>\n\t\t\t\t<a href='https:\/\/www.prosomni.com\/wp-content\/uploads\/2014\/09\/imgll4.jpg'><img loading=\"lazy\" decoding=\"async\" width=\"150\" height=\"150\" src=\"https:\/\/www.prosomni.com\/wp-content\/uploads\/2014\/09\/imgll4-150x150.jpg\" class=\"attachment-thumbnail size-thumbnail\" alt=\"\" aria-describedby=\"gallery-1-4542\" \/><\/a>\n\t\t\t<\/dt>\n\t\t\t\t<dd class='wp-caption-text gallery-caption' id='gallery-1-4542'>\n\t\t\t\tBa\u00f1o principal\n\t\t\t\t<\/dd><\/dl><dl class='gallery-item'>\n\t\t\t<dt class='gallery-icon landscape'>\n\t\t\t\t<a href='https:\/\/www.prosomni.com\/wp-content\/uploads\/2014\/09\/lloret_3.jpg'><img loading=\"lazy\" decoding=\"async\" width=\"150\" height=\"150\" src=\"https:\/\/www.prosomni.com\/wp-content\/uploads\/2014\/09\/lloret_3-150x150.jpg\" class=\"attachment-thumbnail size-thumbnail\" alt=\"\" \/><\/a>\n\t\t\t<\/dt><\/dl><br style=\"clear: both\" \/>\n\t\t<\/div>\n\r\n<div class=\"spacer\" style=\"height:5px\"><\/div>\r\n<div class=\"divider\" style=\"border-color:#c9c9c9;\"><\/div>\r\n<div class=\"spacer\" style=\"height:5px\"><\/div>\r\n<h4 class=\"lq_h4b\">Memoria de calidades *<\/h4>\r\n<ul type=\"disc\" >\r\n<li>Muros de carga y forjados unidirecionales<\/li>\r\n<li>C\u00e1mara de aire de 6 cm<\/li>\r\n<li>Aislamiento t\u00e9rmico a base de poliuretano de 3 cm.<\/li>\r\n<\/ul>\r\n<br>Revestimiento interior\r\n                                                \t<ul type=\"disc\" >\r\n                                                        <li>Paredes y techos enyesados y lucidos con material de primera calidad<\/li>\r\n                                                        <li>Ba\u00f1os revocados con mortero tipo M40 para alicatar hasta el techo<\/li>\r\n                                                        <li>Cocina con revestimiento tipo estucado de primera calidad<\/li>\r\n                                                   <\/ul>\r\n                                                   <br>Pavimentos\r\n                                                \t<ul type=\"disc\" >\r\n                                                        <li>En el interior, gres de primera calidad<\/li>\r\n                                                        <li>Escala interior de m\u00e1rmol<\/li>\r\n                                                        <li>En el exterior gres de primera calidad antideslizante<\/li>\r\n                                                   <\/ul>\r\n                                                   <br>Carpinter\u00eda\r\n                                                \t<ul type=\"disc\" >\r\n                                                        <li>Exterior de aluminio lacado de color gris a juego con la fachada.<\/li>\r\n                                                        <li>Vidrios de c\u00e1mara 4+6+4 tipo Climalit<\/li>\r\n                                                        <li>Puerta blindada de acceso a la vivienda<\/li>\r\n                                                        <li>Puertas de interior fabricadas con madera de cedro<\/li>\r\n                                                        <li>Cocina equipada con muebles altos y bajos, interior de melamina, exterior lacados o de madera<\/li>\r\n                                                   <\/ul>\r\n                                                    <br>Ba\u00f1os y lavabo\r\n                                                \t<ul type=\"disc\" >\r\n                                                        <li>Sanitarios de la casa Roca de primera calidad<\/li>\r\n                                                        <li>Lavabo de dise\u00f1o sobre encimera de primera calidad<\/li>\r\n                                                        <li>Puerta blindada de acceso a la vivienda<\/li>\r\n                                                        <li>Grifos monomando de primera calidad<\/li>\r\n                                                   <\/ul>\r\n                                                   <br>Climatizaci\u00f3n\r\n                                                \t<ul type=\"disc\" >\r\n                                                        <li>Instalaci\u00f3n completa de calefacci\u00f3n en toda la vivienda con radiadores de aluminio<\/li>\r\n                                                   <\/ul>\r\n                                                   <br>TV | Telecomunicaciones\r\n                                                \t<ul type=\"disc\" >\r\n                                                        <li>Instalaci\u00f3n de televisi\u00f3n y telefon\u00eda en toda la casa<\/li>\r\n                                                   <\/ul>\r\n                                                   <br>Electrodom\u00e9sticos\r\n                                                \t<ul type=\"disc\" >\r\n                                                        <li>Caldera mixta<\/li>\r\n                                                        <li>Horno el\u00e9ctrico<\/li>\r\n                                                        <li>Encimera vitrocer\u00e1mica<\/li>\r\n                                                        <li>Extractor<\/li>\r\n                                                   <\/ul>\r\n                                                   *:La direcci\u00f3n facultativa puede modificar detalles y acabados de la obra","protected":false},"excerpt":{"rendered":"<p>Lloret de Mar &#8211; Casa unifamilia Prosomni le ofrece dos magn\u00edficas casas situadas en el l\u00edmite entre Lloret de Mar y el t\u00e9rmino municipal de Vidrieres. Ubicada en una de las mejores zonas residenciales, est\u00e1 distribuida en dos plantas m\u00e1s garaje. Im\u00e1genes Memoria de calidades * Muros de carga y forjados unidirecionales C\u00e1mara de aire [&hellip;]<\/p>\n","protected":false},"author":1,"featured_media":0,"parent":0,"menu_order":0,"comment_status":"open","ping_status":"open","template":"page-left-sidebar.php","meta":{"footnotes":""},"class_list":["post-4372","page","type-page","status-publish","hentry"],"_links":{"self":[{"href":"https:\/\/www.prosomni.com\/index.php?rest_route=\/wp\/v2\/pages\/4372","targetHints":{"allow":["GET"]}}],"collection":[{"href":"https:\/\/www.prosomni.com\/index.php?rest_route=\/wp\/v2\/pages"}],"about":[{"href":"https:\/\/www.prosomni.com\/index.php?rest_route=\/wp\/v2\/types\/page"}],"author":[{"embeddable":true,"href":"https:\/\/www.prosomni.com\/index.php?rest_route=\/wp\/v2\/users\/1"}],"replies":[{"embeddable":true,"href":"https:\/\/www.prosomni.com\/index.php?rest_route=%2Fwp%2Fv2%2Fcomments&post=4372"}],"version-history":[{"count":20,"href":"https:\/\/www.prosomni.com\/index.php?rest_route=\/wp\/v2\/pages\/4372\/revisions"}],"predecessor-version":[{"id":4739,"href":"https:\/\/www.prosomni.com\/index.php?rest_route=\/wp\/v2\/pages\/4372\/revisions\/4739"}],"wp:attachment":[{"href":"https:\/\/www.prosomni.com\/index.php?rest_route=%2Fwp%2Fv2%2Fmedia&parent=4372"}],"curies":[{"name":"wp","href":"https:\/\/api.w.org\/{rel}","templated":true}]}}