{"id":4366,"date":"2014-09-04T05:09:20","date_gmt":"2014-09-04T05:09:20","guid":{"rendered":"http:\/\/www.prosomni.com\/?page_id=4366"},"modified":"2014-09-16T12:28:11","modified_gmt":"2014-09-16T12:28:11","slug":"sant-cebria-promocion-obra-nueva","status":"publish","type":"page","link":"https:\/\/www.prosomni.com\/?page_id=4366","title":{"rendered":"Sant Cebri\u00e0 , casa unifamiliar"},"content":{"rendered":"<h4 class=\"lq_h4b\">Sant Cebri\u00e0 | Promoci\u00f3n finalizada (vendida)<\/h4>\r\n<p>Prosomni le presenta la promoci\u00f3n de Sant Cebri\u00e0 de Vallalta, Vivienda que consta de una planta principal con garaje al mismo nivel. Est\u00e1 ubicada a 5 minutos del centro de la localidad de Sant Cebri\u00e0 de Vallalta. Consta de una amplia zona ajardinada y piscina de obra perfectamente acondicionada.<\/p>\r\n<div class=\"spacer\" style=\"height:5px\"><\/div>\r\n<div class=\"divider\" style=\"border-color:#c9c9c9;\"><\/div>\r\n<div class=\"spacer\" style=\"height:5px\"><\/div>\r\n<div class=\"column column-1-2\">\r\n<h4 class=\"lq_h4b\">Distribuci\u00f3n<\/h4>\r\n<ul>\r\n<li>4 habitaciones (2 de ellas doble)<\/li>\r\n<li>Amplio sal\u00f3n comedor<\/li>\r\n<li>Cocina Office totalmente amueblada<\/li>\r\n<liBa\u00f1o completo y aseo><\/li>\r\n<li>Calefacci\u00f3n y aire acondicionado<\/li>\r\n<li>Totalmente ecxterior<\/li>\r\n<li>Garaje de dos plazas<\/li>\r\n<li>Piscina de obra con zona ajardinada<\/li>\r\n<\/ul>\r\n<\/div>\r\n<div class=\"column column-1-2 column-last\">\r\n<h4 class=\"lq_h4b\">Ubicaci\u00f3n<\/h4>\r\n\r\n<\/div><div class=\"clear\"><\/div>\r\n\r\n<div class=\"spacer\" style=\"height:5px\"><\/div>\r\n<div class=\"divider\" style=\"border-color:#c9c9c9;\"><\/div>\r\n<div class=\"spacer\" style=\"height:5px\"><\/div>\r\n<h4 class=\"lq_h4b\">Im\u00e1genes<\/h4>\r\n<div id=\"efe-swf-1\" class=\"efe-flash\"><!-- --><\/div>\r\n<div class=\"spacer\" style=\"height:5px\"><\/div>","protected":false},"excerpt":{"rendered":"<p>Sant Cebri\u00e0 | Promoci\u00f3n finalizada (vendida) Prosomni le presenta la promoci\u00f3n de Sant Cebri\u00e0 de Vallalta, Vivienda que consta de una planta principal con garaje al mismo nivel. Est\u00e1 ubicada a 5 minutos del centro de la localidad de Sant Cebri\u00e0 de Vallalta. Consta de una amplia zona ajardinada y piscina de obra perfectamente acondicionada. [&hellip;]<\/p>\n","protected":false},"author":1,"featured_media":0,"parent":0,"menu_order":0,"comment_status":"open","ping_status":"open","template":"page-left-sidebar.php","meta":{"footnotes":""},"class_list":["post-4366","page","type-page","status-publish","hentry"],"_links":{"self":[{"href":"https:\/\/www.prosomni.com\/index.php?rest_route=\/wp\/v2\/pages\/4366","targetHints":{"allow":["GET"]}}],"collection":[{"href":"https:\/\/www.prosomni.com\/index.php?rest_route=\/wp\/v2\/pages"}],"about":[{"href":"https:\/\/www.prosomni.com\/index.php?rest_route=\/wp\/v2\/types\/page"}],"author":[{"embeddable":true,"href":"https:\/\/www.prosomni.com\/index.php?rest_route=\/wp\/v2\/users\/1"}],"replies":[{"embeddable":true,"href":"https:\/\/www.prosomni.com\/index.php?rest_route=%2Fwp%2Fv2%2Fcomments&post=4366"}],"version-history":[{"count":3,"href":"https:\/\/www.prosomni.com\/index.php?rest_route=\/wp\/v2\/pages\/4366\/revisions"}],"predecessor-version":[{"id":4373,"href":"https:\/\/www.prosomni.com\/index.php?rest_route=\/wp\/v2\/pages\/4366\/revisions\/4373"}],"wp:attachment":[{"href":"https:\/\/www.prosomni.com\/index.php?rest_route=%2Fwp%2Fv2%2Fmedia&parent=4366"}],"curies":[{"name":"wp","href":"https:\/\/api.w.org\/{rel}","templated":true}]}}