{"id":4349,"date":"2014-09-04T04:05:59","date_gmt":"2014-09-04T04:05:59","guid":{"rendered":"http:\/\/www.prosomni.com\/?page_id=4349"},"modified":"2014-09-16T12:26:40","modified_gmt":"2014-09-16T12:26:40","slug":"sils-promocion-obra-nueva","status":"publish","type":"page","link":"https:\/\/www.prosomni.com\/?page_id=4349","title":{"rendered":"Sils, promoci\u00f3n obra nueva"},"content":{"rendered":"<h4 class=\"lq_h4b\">Sils | Promoci\u00f3n finalizada (vendida)<\/h4>\r\n<p>Prosomni le presenta la promoci\u00f3n de Sils, Vivienda que consta de una planta principal con garaje al mismo nivel. Est\u00e1 ubicada a 5 minutos del centro de la localidad de Sils. Consta de una amplia zona ajardinada y piscina de obra perfectamente acondicionada.<\/p>\r\n<div class=\"spacer\" style=\"height:5px\"><\/div>\r\n<div class=\"divider\" style=\"border-color:#c9c9c9;\"><\/div>\r\n<div class=\"spacer\" style=\"height:5px\"><\/div>\r\n<div class=\"column column-1-2\">\r\n<h4 class=\"lq_h4b\">Distribuci\u00f3n<\/h4>\r\n<p>Prosomni le ofrece todo tipo de reformas:<\/p>\r\n<ul>\r\n<li>Cocinas<\/li>\r\n<li>Ba\u00f1os y aseos<\/li>\r\n<li>Adaptaci\u00f3n de ba\u00f1eras a duchas.<\/li>\r\n<li>Trabajos en Pladur<\/li>\r\n <li>Falsos techos<\/li>\r\n <li>Cambio de azulejos y suelos<\/li>\r\n<\/ul><\/div>\r\n<div class=\"column column-1-2 column-last\">\t \t \r\n<h4 class=\"lq_h4b\">Ubicaci\u00f3n<\/h4>\t \t \r\n\t \t \r\n<\/div><div class=\"clear\"><\/div>\r\n<div class=\"spacer\" style=\"height:5px\"><\/div>\r\n<div class=\"divider\" style=\"border-color:#c9c9c9;\"><\/div>\r\n<div class=\"spacer\" style=\"height:5px\"><\/div>\r\n<h4 class=\"lq_h4b\">Im\u00e1genes<\/h4>\r\n<div id=\"efe-swf-1\" class=\"efe-flash\"><!-- --><\/div>\r\n<div class=\"spacer\" style=\"height:5px\"><\/div>","protected":false},"excerpt":{"rendered":"<p>Sils | Promoci\u00f3n finalizada (vendida) Prosomni le presenta la promoci\u00f3n de Sils, Vivienda que consta de una planta principal con garaje al mismo nivel. Est\u00e1 ubicada a 5 minutos del centro de la localidad de Sils. Consta de una amplia zona ajardinada y piscina de obra perfectamente acondicionada. Im\u00e1genes<\/p>\n","protected":false},"author":1,"featured_media":0,"parent":0,"menu_order":0,"comment_status":"open","ping_status":"open","template":"page-left-sidebar.php","meta":{"footnotes":""},"class_list":["post-4349","page","type-page","status-publish","hentry"],"_links":{"self":[{"href":"https:\/\/www.prosomni.com\/index.php?rest_route=\/wp\/v2\/pages\/4349","targetHints":{"allow":["GET"]}}],"collection":[{"href":"https:\/\/www.prosomni.com\/index.php?rest_route=\/wp\/v2\/pages"}],"about":[{"href":"https:\/\/www.prosomni.com\/index.php?rest_route=\/wp\/v2\/types\/page"}],"author":[{"embeddable":true,"href":"https:\/\/www.prosomni.com\/index.php?rest_route=\/wp\/v2\/users\/1"}],"replies":[{"embeddable":true,"href":"https:\/\/www.prosomni.com\/index.php?rest_route=%2Fwp%2Fv2%2Fcomments&post=4349"}],"version-history":[{"count":13,"href":"https:\/\/www.prosomni.com\/index.php?rest_route=\/wp\/v2\/pages\/4349\/revisions"}],"predecessor-version":[{"id":4407,"href":"https:\/\/www.prosomni.com\/index.php?rest_route=\/wp\/v2\/pages\/4349\/revisions\/4407"}],"wp:attachment":[{"href":"https:\/\/www.prosomni.com\/index.php?rest_route=%2Fwp%2Fv2%2Fmedia&parent=4349"}],"curies":[{"name":"wp","href":"https:\/\/api.w.org\/{rel}","templated":true}]}}