{"id":3382,"date":"2014-05-22T19:48:04","date_gmt":"2014-05-22T19:48:04","guid":{"rendered":"http:\/\/www.prosomni.com\/?page_id=3382"},"modified":"2014-12-14T11:04:28","modified_gmt":"2014-12-14T11:04:28","slug":"main","status":"publish","type":"page","link":"https:\/\/www.prosomni.com\/","title":{"rendered":"main"},"content":{"rendered":"\n\t\t\t<!-- START index_v4 REVOLUTION SLIDER 6.7.40 --><p class=\"rs-p-wp-fix\"><\/p>\n\t\t\t<rs-module-wrap id=\"rev_slider_32_1_wrapper\" data-source=\"gallery\" data-aimg=\"\"  style=\"visibility:hidden;background:#E9E9E9;padding:0;margin:0px auto;margin-top:0;margin-bottom:0;\">\n\t\t\t\t<rs-module id=\"rev_slider_32_1\" style=\"\" data-version=\"6.7.40\">\n\t\t\t\t\t<rs-slides style=\"overflow: hidden; position: absolute;\">\n\t\t\t\t\t\t<rs-slide style=\"position: absolute;\" data-key=\"rs-47\" data-title=\"Slide\" data-link=\"\/\/www.prosomni.com\/?page_id=4618\" data-tag=\"l\" data-target=\"_self\" data-seoz=\"front\" data-anim=\"adpr:false;\">\n\t\t\t\t\t\t\t<img decoding=\"async\" src=\"\/\/www.prosomni.com\/wp-content\/plugins\/revslider\/sr6\/assets\/assets\/dummy.png\" alt=\"\" title=\"main\" class=\"rev-slidebg tp-rs-img rs-lazyload\" data-lazyload=\"\/\/www.prosomni.com\/wp-content\/uploads\/2014\/12\/obra_nueva.jpg\" data-bg=\"p:center top;\" data-no-retina>\n<!--\n\t\t\t\t\t\t\t--><rs-layer\n\t\t\t\t\t\t\t\tid=\"slider-32-slide-47-layer-1\" \n\t\t\t\t\t\t\t\tclass=\"ditec_home_fondo\"\n\t\t\t\t\t\t\t\tdata-type=\"text\"\n\t\t\t\t\t\t\t\tdata-color=\"#ffffff\"\n\t\t\t\t\t\t\t\tdata-rsp_ch=\"on\"\n\t\t\t\t\t\t\t\tdata-xy=\"x:36px;y:359px;\"\n\t\t\t\t\t\t\t\tdata-text=\"s:70;l:36;fw:700;\"\n\t\t\t\t\t\t\t\tdata-frame_1=\"st:500;\"\n\t\t\t\t\t\t\t\tdata-frame_999=\"st:5400;auto:true;\"\n\t\t\t\t\t\t\t\tstyle=\"z-index:5;font-family:'Arial';text-shadow:rgba(0, 0, 0, 0.498039) 0px 2px 5px;white-space:nowrap;\"\n\t\t\t\t\t\t\t>Obra nueva hotel \n\t\t\t\t\t\t\t<\/rs-layer><!--\n-->\t\t\t\t\t<\/rs-slide>\n\t\t\t\t\t\t<rs-slide style=\"position: absolute;\" data-key=\"rs-50\" data-title=\"Slide\" data-link=\"\/\/prosomni.com\/?page_id=4372\" data-tag=\"l\" data-target=\"_self\" data-seoz=\"front\" data-anim=\"adpr:false;\">\n\t\t\t\t\t\t\t<img decoding=\"async\" src=\"\/\/www.prosomni.com\/wp-content\/plugins\/revslider\/sr6\/assets\/assets\/dummy.png\" alt=\"\" title=\"main\" class=\"rev-slidebg tp-rs-img rs-lazyload\" data-lazyload=\"\/\/www.prosomni.com\/wp-content\/uploads\/2014\/12\/home_1.jpg\" data-bg=\"p:center top;\" data-no-retina>\n<!--\n\t\t\t\t\t\t\t--><rs-layer\n\t\t\t\t\t\t\t\tid=\"slider-32-slide-50-layer-1\" \n\t\t\t\t\t\t\t\tclass=\"ditec_home_fondo\"\n\t\t\t\t\t\t\t\tdata-type=\"text\"\n\t\t\t\t\t\t\t\tdata-color=\"#ffffff\"\n\t\t\t\t\t\t\t\tdata-rsp_ch=\"on\"\n\t\t\t\t\t\t\t\tdata-xy=\"x:36px;y:359px;\"\n\t\t\t\t\t\t\t\tdata-text=\"s:70;l:36;fw:700;\"\n\t\t\t\t\t\t\t\tdata-frame_1=\"st:500;\"\n\t\t\t\t\t\t\t\tdata-frame_999=\"st:5400;auto:true;\"\n\t\t\t\t\t\t\t\tstyle=\"z-index:5;font-family:'Arial';text-shadow:rgba(0, 0, 0, 0.498039) 0px 2px 5px;white-space:nowrap;\"\n\t\t\t\t\t\t\t>Promociones \n\t\t\t\t\t\t\t<\/rs-layer><!--\n-->\t\t\t\t\t<\/rs-slide>\n\t\t\t\t\t\t<rs-slide style=\"position: absolute;\" data-key=\"rs-46\" data-title=\"Slide\" data-link=\"\/\/www.prosomni.com\/?page_id=4403\" data-tag=\"l\" data-target=\"_self\" data-seoz=\"front\" data-anim=\"d:15;f:center;\" data-in=\"prst:rndany;o:0;sx:1.1;sy:1.1;m:true;row:30;col:30;\" data-out=\"a:false;\">\n\t\t\t\t\t\t\t<img decoding=\"async\" src=\"\/\/www.prosomni.com\/wp-content\/plugins\/revslider\/sr6\/assets\/assets\/dummy.png\" alt=\"\" title=\"main\" class=\"rev-slidebg tp-rs-img rs-lazyload\" data-lazyload=\"\/\/www.prosomni.com\/wp-content\/uploads\/2014\/09\/index5.jpg\" data-bg=\"p:center top;\" data-no-retina>\n<!--\n\t\t\t\t\t\t\t--><rs-layer\n\t\t\t\t\t\t\t\tid=\"slider-32-slide-46-layer-1\" \n\t\t\t\t\t\t\t\tclass=\"ditec_home_fondo\"\n\t\t\t\t\t\t\t\tdata-type=\"text\"\n\t\t\t\t\t\t\t\tdata-color=\"#ffffff\"\n\t\t\t\t\t\t\t\tdata-rsp_ch=\"on\"\n\t\t\t\t\t\t\t\tdata-xy=\"x:36px;y:359px;\"\n\t\t\t\t\t\t\t\tdata-text=\"s:70;l:36;fw:700;\"\n\t\t\t\t\t\t\t\tdata-frame_1=\"st:500;\"\n\t\t\t\t\t\t\t\tdata-frame_999=\"st:19400;auto:true;\"\n\t\t\t\t\t\t\t\tstyle=\"z-index:5;font-family:'Arial';text-shadow:rgba(0, 0, 0, 0.498039) 0px 2px 5px;white-space:nowrap;\"\n\t\t\t\t\t\t\t>Creaci\u00f3n de espacios \n\t\t\t\t\t\t\t<\/rs-layer><!--\n-->\t\t\t\t\t<\/rs-slide>\n\t\t\t\t\t\t<rs-slide style=\"position: absolute;\" data-key=\"rs-44\" data-title=\"Slide\" data-link=\"\/\/www.prosomni.com\/?page_id=4403\" data-tag=\"l\" data-target=\"_self\" data-seoz=\"front\" data-anim=\"d:15;f:center;\" data-in=\"prst:rndany;o:0;sx:1.1;sy:1.1;m:true;row:30;col:30;\" data-out=\"a:false;\">\n\t\t\t\t\t\t\t<img decoding=\"async\" src=\"\/\/www.prosomni.com\/wp-content\/plugins\/revslider\/sr6\/assets\/assets\/dummy.png\" alt=\"\" title=\"main\" class=\"rev-slidebg tp-rs-img rs-lazyload\" data-lazyload=\"\/\/www.prosomni.com\/wp-content\/uploads\/2014\/09\/index4.jpg\" data-bg=\"p:center top;\" data-no-retina>\n<!--\n\t\t\t\t\t\t\t--><rs-layer\n\t\t\t\t\t\t\t\tid=\"slider-32-slide-44-layer-1\" \n\t\t\t\t\t\t\t\tclass=\"ditec_home_fondo\"\n\t\t\t\t\t\t\t\tdata-type=\"text\"\n\t\t\t\t\t\t\t\tdata-color=\"#ffffff\"\n\t\t\t\t\t\t\t\tdata-rsp_ch=\"on\"\n\t\t\t\t\t\t\t\tdata-xy=\"x:36px;y:359px;\"\n\t\t\t\t\t\t\t\tdata-text=\"s:70;l:36;fw:700;\"\n\t\t\t\t\t\t\t\tdata-frame_1=\"st:500;\"\n\t\t\t\t\t\t\t\tdata-frame_999=\"st:19400;auto:true;\"\n\t\t\t\t\t\t\t\tstyle=\"z-index:5;font-family:'Arial';text-shadow:rgba(0, 0, 0, 0.498039) 0px 2px 5px;white-space:nowrap;\"\n\t\t\t\t\t\t\t>Reformas \n\t\t\t\t\t\t\t<\/rs-layer><!--\n-->\t\t\t\t\t<\/rs-slide>\n\t\t\t\t\t\t<rs-slide style=\"position: absolute;\" data-key=\"rs-48\" data-title=\"Slide\" data-link=\"\/\/www.prosomni.com\/?page_id=4403\" data-tag=\"l\" data-target=\"_self\" data-seoz=\"front\" data-anim=\"o:outin;\" data-in=\"prst:rndany;o:0;sx:0.85;sy:0.85;\" data-out=\"y:(100%);\">\n\t\t\t\t\t\t\t<img decoding=\"async\" src=\"\/\/www.prosomni.com\/wp-content\/plugins\/revslider\/sr6\/assets\/assets\/dummy.png\" alt=\"\" title=\"main\" class=\"rev-slidebg tp-rs-img rs-lazyload\" data-lazyload=\"\/\/www.prosomni.com\/wp-content\/uploads\/2014\/09\/index_2.jpg\" data-bg=\"p:center top;\" data-no-retina>\n<!--\n\t\t\t\t\t\t\t--><rs-layer\n\t\t\t\t\t\t\t\tid=\"slider-32-slide-48-layer-1\" \n\t\t\t\t\t\t\t\tclass=\"ditec_home_fondo\"\n\t\t\t\t\t\t\t\tdata-type=\"text\"\n\t\t\t\t\t\t\t\tdata-color=\"#ffffff\"\n\t\t\t\t\t\t\t\tdata-rsp_ch=\"on\"\n\t\t\t\t\t\t\t\tdata-xy=\"x:36px;y:359px;\"\n\t\t\t\t\t\t\t\tdata-text=\"s:70;l:36;fw:700;\"\n\t\t\t\t\t\t\t\tdata-frame_1=\"st:500;\"\n\t\t\t\t\t\t\t\tdata-frame_999=\"st:19400;auto:true;\"\n\t\t\t\t\t\t\t\tstyle=\"z-index:5;font-family:'Arial';text-shadow:rgba(0, 0, 0, 0.498039) 0px 2px 5px;white-space:nowrap;\"\n\t\t\t\t\t\t\t>Espacios p\u00fablicos \n\t\t\t\t\t\t\t<\/rs-layer><!--\n-->\t\t\t\t\t<\/rs-slide>\n\t\t\t\t\t\t<rs-slide style=\"position: absolute;\" data-key=\"rs-49\" data-title=\"Slide\" data-link=\"\/\/www.prosomni.com\/?page_id=4455\" data-tag=\"l\" data-target=\"_self\" data-seoz=\"front\" data-in=\"prst:rndany;o:0;col:400;\">\n\t\t\t\t\t\t\t<img decoding=\"async\" src=\"\/\/www.prosomni.com\/wp-content\/plugins\/revslider\/sr6\/assets\/assets\/dummy.png\" alt=\"\" title=\"main\" class=\"rev-slidebg tp-rs-img rs-lazyload\" data-lazyload=\"\/\/www.prosomni.com\/wp-content\/uploads\/2014\/12\/home_2.jpg\" data-bg=\"p:center top;\" data-no-retina>\n<!--\n\t\t\t\t\t\t\t--><rs-layer\n\t\t\t\t\t\t\t\tid=\"slider-32-slide-49-layer-1\" \n\t\t\t\t\t\t\t\tclass=\"ditec_home_fondo\"\n\t\t\t\t\t\t\t\tdata-type=\"text\"\n\t\t\t\t\t\t\t\tdata-color=\"#ffffff\"\n\t\t\t\t\t\t\t\tdata-rsp_ch=\"on\"\n\t\t\t\t\t\t\t\tdata-xy=\"x:36px;y:359px;\"\n\t\t\t\t\t\t\t\tdata-text=\"s:70;l:36;fw:700;\"\n\t\t\t\t\t\t\t\tdata-frame_1=\"st:500;\"\n\t\t\t\t\t\t\t\tdata-frame_999=\"st:5400;auto:true;\"\n\t\t\t\t\t\t\t\tstyle=\"z-index:5;font-family:'Arial';text-shadow:rgba(0, 0, 0, 0.498039) 0px 2px 5px;white-space:nowrap;\"\n\t\t\t\t\t\t\t>Carpinter\u00eda \n\t\t\t\t\t\t\t<\/rs-layer><!--\n-->\t\t\t\t\t<\/rs-slide>\n\t\t\t\t\t\t<rs-slide style=\"position: absolute;\" data-key=\"rs-45\" data-title=\"Slide\" data-link=\"\/\/www.prosomni.com\/?page_id=4403\" data-tag=\"l\" data-target=\"_self\" data-seoz=\"front\" data-anim=\"ms:1500;f:nodelay;o:outin;\" data-in=\"prst:rndany;x:(15%);y:(-10%);r:20;sx:0.7;sy:0.7;e:power2.out;\" data-out=\"x:cyc((60%)|(130%));y:cyc(-90%|170%);r:cyc((-30)|(60));sx:1.3;sy:1.2;row:2;\">\n\t\t\t\t\t\t\t<img decoding=\"async\" src=\"\/\/www.prosomni.com\/wp-content\/plugins\/revslider\/sr6\/assets\/assets\/dummy.png\" alt=\"\" title=\"main\" class=\"rev-slidebg tp-rs-img rs-lazyload\" data-lazyload=\"\/\/www.prosomni.com\/wp-content\/uploads\/2014\/09\/index3.jpg\" data-bg=\"p:center top;\" data-no-retina>\n<!--\n\t\t\t\t\t\t\t--><rs-layer\n\t\t\t\t\t\t\t\tid=\"slider-32-slide-45-layer-1\" \n\t\t\t\t\t\t\t\tclass=\"ditec_home_fondo\"\n\t\t\t\t\t\t\t\tdata-type=\"text\"\n\t\t\t\t\t\t\t\tdata-color=\"#ffffff\"\n\t\t\t\t\t\t\t\tdata-rsp_ch=\"on\"\n\t\t\t\t\t\t\t\tdata-xy=\"x:36px;y:359px;\"\n\t\t\t\t\t\t\t\tdata-text=\"s:70;l:36;fw:700;\"\n\t\t\t\t\t\t\t\tdata-frame_1=\"st:500;\"\n\t\t\t\t\t\t\t\tdata-frame_999=\"st:19400;auto:true;\"\n\t\t\t\t\t\t\t\tstyle=\"z-index:5;font-family:'Arial';text-shadow:rgba(0, 0, 0, 0.498039) 0px 2px 5px;white-space:nowrap;\"\n\t\t\t\t\t\t\t>Climatizaci\u00f3n \n\t\t\t\t\t\t\t<\/rs-layer><!--\n-->\t\t\t\t\t<\/rs-slide>\n\t\t\t\t\t<\/rs-slides>\n\t\t\t\t<\/rs-module>\n\t\t\t\t<script>\n\t\t\t\t\tsetREVStartSize({c: 'rev_slider_32_1',rl:[1240,1024,778,480],el:[],gw:[940],gh:[440],type:'standard',justify:'',layout:'fullwidth',mh:\"0\"});if (window.RS_MODULES!==undefined && window.RS_MODULES.modules!==undefined && window.RS_MODULES.modules[\"revslider321\"]!==undefined) {window.RS_MODULES.modules[\"revslider321\"].once = false;window.revapi32 = undefined;if (window.RS_MODULES.checkMinimal!==undefined) window.RS_MODULES.checkMinimal()}\n\t\t\t\t<\/script>\n\t\t\t<\/rs-module-wrap>\n\t\t\t<!-- END REVOLUTION SLIDER -->\n\r\n<div class=\"spacer\" style=\"height:30px\"><\/div>\r\n<h1 class=\"ditec_present_h12\">Construcciones y reformas<\/h1>\r\n<div class=\"spacer\" style=\"height:30px\"><\/div>\r\n<div class=\"column column-1-2\">\r\n<div class=\"su-callout\"><div class=\"callout-content\">\r\n<h3><strong>Bienvenidos a Prosomni.<\/strong><\/h3>\r\n<h3>Prosomni S.L, es una empresa ubicada en Matar\u00f3 dedicada a la promoci\u00f3n, construcci\u00f3n y rehabilitaci\u00f3n, ofreciendo su servicios en toda la provincia de Barcelona y Girona.<\/h3><br>\r\n<h3>Nuestra experiencia y trayectoria marcada por la seriedad y profesionalidad en la ejecuci\u00f3n de las obras y promociones propias es nuestro mejor aval de presentaci\u00f3n.<\/h3>\r\n<\/div><div class=\"clear\"><\/div><\/div><\/div>\r\n<div class=\"column column-1-2 column-last\"><a href=\"http:\/\/www.prosomni.com\/?page_id=4705\"><img loading=\"lazy\" decoding=\"async\" src=\"http:\/\/www.prosomni.com\/wp-content\/uploads\/2014\/05\/ant_desp3.jpg\" alt=\"ant_desp3\" width=\"450\" height=\"200\" class=\"alignnone size-full wp-image-4753\" srcset=\"https:\/\/www.prosomni.com\/wp-content\/uploads\/2014\/05\/ant_desp3.jpg 450w, https:\/\/www.prosomni.com\/wp-content\/uploads\/2014\/05\/ant_desp3-300x133.jpg 300w\" sizes=\"auto, (max-width: 450px) 100vw, 450px\" \/><\/a><\/div><div class=\"clear\"><\/div>\r\n<div class=\"column column-1-4\">\r\n<a href=\"http:\/\/www.prosomni.com\/?page_id=4372\" title=\"Promociones\"><div class=\"ditec_present_green\">\r\n<div class=\"spacer\" style=\"height:100px\"><\/div>\r\n<h3 class=\"ditec_present_h3\"><strong>Promociones<\/strong><\/h3>\r\n<p  class=\"ditec_present_p2\">\u00daltima de casa en Lloret de Mar<\/p>\r\n<div class=\"spacer\" style=\"height:20px\"><\/div>\r\n<\/div><\/a>\r\n<\/div>\r\n<div class=\"column column-1-4\">\r\n<a href=\"http:\/\/www.prosomni.com\/?page_id=4618\" title=\"Obra nueva\"><div class=\"ditec_present_yellow\">\r\n<div class=\"spacer\" style=\"height:100px\"><\/div>\r\n<h3 class=\"ditec_present_h3\"><strong>Obra nueva<\/strong><\/h3>\r\n<p  class=\"ditec_present_p2\">Obra nueva Hotel Praktik Bakery<\/p>\r\n<div class=\"spacer\" style=\"height:20px\"><\/div>\r\n<\/div><\/a>\r\n<\/div>\r\n<div class=\"column column-1-4\">\r\n<a href=\"http:\/\/www.prosomni.com\/?page_id=4432\" title=\"Presupuesto\"><div class=\"ditec_present_red\">\r\n<div class=\"spacer\" style=\"height:100px\"><\/div>\r\n<h3 class=\"ditec_present_h3\"><strong>Presupuesto<\/strong><\/h3>\r\n<p  class=\"ditec_present_p2\">En s\u00f3lo 5 minutos y desde casa<\/p>\r\n<div class=\"spacer\" style=\"height:20px\"><\/div>\r\n<\/div><\/a>\r\n<\/div>\r\n<div class=\"column column-1-4 column-last\">\r\n<a href=\"http:\/\/www.prosomni.com\/?page_id=4403\" title=\"Reformas\"><div class=\"ditec_present_blue\">\r\n<div class=\"spacer\" style=\"height:100px\"><\/div>\r\n<h3 class=\"ditec_present_h3\"><strong>Reformas<\/strong><\/h3>\r\n<p  class=\"ditec_present_p2\">Ba\u00f1o, cocinas, ambientes&#8230;<\/p>\r\n<div class=\"spacer\" style=\"height:20px\"><\/div>\r\n<\/div><\/a>\r\n<\/div><div class=\"clear\"><\/div>","protected":false},"excerpt":{"rendered":"<p>Construcciones y reformas<\/p>\n","protected":false},"author":1,"featured_media":0,"parent":0,"menu_order":0,"comment_status":"closed","ping_status":"closed","template":"","meta":{"footnotes":""},"class_list":["post-3382","page","type-page","status-publish","hentry"],"_links":{"self":[{"href":"https:\/\/www.prosomni.com\/index.php?rest_route=\/wp\/v2\/pages\/3382","targetHints":{"allow":["GET"]}}],"collection":[{"href":"https:\/\/www.prosomni.com\/index.php?rest_route=\/wp\/v2\/pages"}],"about":[{"href":"https:\/\/www.prosomni.com\/index.php?rest_route=\/wp\/v2\/types\/page"}],"author":[{"embeddable":true,"href":"https:\/\/www.prosomni.com\/index.php?rest_route=\/wp\/v2\/users\/1"}],"replies":[{"embeddable":true,"href":"https:\/\/www.prosomni.com\/index.php?rest_route=%2Fwp%2Fv2%2Fcomments&post=3382"}],"version-history":[{"count":64,"href":"https:\/\/www.prosomni.com\/index.php?rest_route=\/wp\/v2\/pages\/3382\/revisions"}],"predecessor-version":[{"id":4757,"href":"https:\/\/www.prosomni.com\/index.php?rest_route=\/wp\/v2\/pages\/3382\/revisions\/4757"}],"wp:attachment":[{"href":"https:\/\/www.prosomni.com\/index.php?rest_route=%2Fwp%2Fv2%2Fmedia&parent=3382"}],"curies":[{"name":"wp","href":"https:\/\/api.w.org\/{rel}","templated":true}]}}